{"id":3833,"date":"2022-03-12T13:56:13","date_gmt":"2022-03-12T13:56:13","guid":{"rendered":"https:\/\/www.carisashop.it\/?post_type=product&#038;p=3833"},"modified":"2025-12-22T17:46:38","modified_gmt":"2025-12-22T17:46:38","slug":"monte-pino-docg-taburno","status":"publish","type":"product","link":"https:\/\/www.carisashop.it\/en\/shop\/vino\/monte-pino-docg-taburno\/","title":{"rendered":"Monte Pino DOCG Taburno"},"content":{"rendered":"","protected":false},"excerpt":{"rendered":"<p><strong>Vineyard characteristics<\/strong><\/p>\n<p>From the vineyard located in Monte Pino we produce this pure Aglianico del Taburno. The hilly position, the good endowment of nutritive elements and the fresh exposure allow to reach original and high quality results.<\/p>\n<p><strong>grapes used<\/strong><\/p>\n<p>Aglianico 100%.<\/p>\n<p><strong>Thinning and Maturation<\/strong><\/p>\n<p>Monte Pino vineyard is subject to an intense thinning of the bunches during the veraison, which can be generally estimated in the order of 50 - 60%.<\/p>\n<p><strong>Vinification Technique<\/strong><\/p>\n<p>The grapes, harvested in the third decade of October, undergo soft destemming and crushing, followed by alcoholic fermentation in stainless steel tanks at a controlled temperature, ranging between 25 and 28 C\u00b0, capable of extracting the noble compounds of the skin with the help of periodic pumping over. Maceration on skins lasts 35-40 days.<\/p>\n<p><strong>Refinement<\/strong><\/p>\n<p>The refining process takes place, after the malolactic fermentation, in large French oak casks for a period of 14 - 16 months. After this period, the wine is prepared for the bottle, where it will be aged for other 12 months.<\/p>\n<p><strong>Longevity<\/strong><\/p>\n<p>Aglianico Monte Pino is a wine having a long aging capacity. Its main characteristic is to express in a changeable and variable way during the aging in bottle complex aromatic bouquets of extraordinary elegance.<\/p>\n<p><strong>Organoleptic characteristics<\/strong><\/p>\n<p>Ruby red color, which after some years of aging in bottle will tend to get garnet red reflections. Typical spicy aromas, of oriental nature, such as hints of clove and pepper join the aromatic bouquet which is formed with the reductive evolution which takes place in bottle. Structured and persistent, with lively and smooth tannins.<\/p>","protected":false},"featured_media":3819,"template":"","meta":[],"product_brand":[],"product_cat":[119],"product_tag":[],"class_list":{"0":"post-3833","1":"product","2":"type-product","3":"status-publish","4":"has-post-thumbnail","6":"product_cat-vino","8":"first","9":"outofstock","10":"shipping-taxable","11":"purchasable","12":"product-type-simple"},"yoast_head":"<!-- This site is optimized with the Yoast SEO plugin v27.4 - https:\/\/yoast.com\/product\/yoast-seo-wordpress\/ -->\n<title>Monte Pino DOCG Taburno - Carisa Shop<\/title>\n<meta name=\"robots\" content=\"index, follow, max-snippet:-1, max-image-preview:large, max-video-preview:-1\" \/>\n<link rel=\"canonical\" href=\"https:\/\/www.carisashop.it\/en\/shop\/vino\/monte-pino-docg-taburno\/\" \/>\n<meta property=\"og:locale\" content=\"en_GB\" \/>\n<meta property=\"og:type\" content=\"article\" \/>\n<meta property=\"og:title\" content=\"Monte Pino DOCG Taburno - Carisa Shop\" \/>\n<meta property=\"og:description\" content=\"Caratteristiche del Vigneto  Dal vigneto situato in localit\u00e0 Monte Pino produciamo questo Aglianico del Taburno in purezza. La giacitura collinare, la buona dotazione in elementi nutritivi e la fresca esposizione permettono di raggiungere risultati qualitativi originali e di alto pregio.  Uve Impiegate  Aglianico 100%.  Diradamento e Maturazione  Il vigneto Monte Pino \u00e8 soggetto ad un intenso intervento di diradamento dei grappoli nel corso dell\u2019invaiatura, che si pu\u00f2 generalmente stimare nell\u2019ordine del 50 \u2013 60%.  Tecnica di Vinificazione  Le uve, raccolte nella terza decade del mese di ottobre, subiscono una diraspapigiatura soffice, a cui segue la fermentazione alcolica in serbatoi di acciaio inox a temperatura controllata, variabile tra 25 e 28 C\u00b0, in grado di estrarre i composti nobili della buccia con l\u2019ausilio di periodici rimontaggi. La macerazione sulle bucce ha una durata di 35 \u2013 40 giorni.  Affinamento  L\u2019affinamento avviene, successivamente alla fermentazione malolattica, in botti di rovere francese di grande dimensione, per un periodo di 14 \u2013 16 mesi. Trascorso questo periodo, il vino viene preparato per la bottiglia, in cui riposa ed affina per altri 12 mesi.  Longevit\u00e0  l\u2019Aglianico Monte Pino \u00e8 un vino dalle lunghe capacit\u00e0 di invecchiamento. La sua principale caratteristica \u00e8 quella di esprimere in modo mutevole e variabile nel corso dell\u2019affinamento in bottiglia bouquet aromatici complessi e di straordinaria eleganza.  Caratteristiche Organolettiche  Colore rosso rubino, che dopo alcuni anni di affinamento in bottiglia tender\u00e0 ad assumere riflessi granato. Gli aromi tipicamente speziati, di natura orientale, come sentori di chiodo di garofano e pepe si uniscono al bouquet aromatico che si forma con l\u2019evoluzione riduttiva che avviene in bottiglia. Strutturato e persistente, dal tannino vivace e morbido.\" \/>\n<meta property=\"og:url\" content=\"https:\/\/www.carisashop.it\/en\/shop\/vino\/monte-pino-docg-taburno\/\" \/>\n<meta property=\"og:site_name\" content=\"Carisa Shop\" \/>\n<meta property=\"article:publisher\" content=\"https:\/\/www.facebook.com\/carisashop.it\" \/>\n<meta property=\"article:modified_time\" content=\"2025-12-22T17:46:38+00:00\" \/>\n<meta property=\"og:image\" content=\"https:\/\/www.carisashop.it\/wp-content\/uploads\/2022\/03\/monte-pino-finale.png\" \/>\n\t<meta property=\"og:image:width\" content=\"1100\" \/>\n\t<meta property=\"og:image:height\" content=\"1100\" \/>\n\t<meta property=\"og:image:type\" content=\"image\/png\" \/>\n<meta name=\"twitter:card\" content=\"summary_large_image\" \/>\n<script type=\"application\/ld+json\" class=\"yoast-schema-graph\">{\"@context\":\"https:\\\/\\\/schema.org\",\"@graph\":[{\"@type\":\"WebPage\",\"@id\":\"https:\\\/\\\/www.carisashop.it\\\/shop\\\/vino\\\/monte-pino-docg-taburno\\\/\",\"url\":\"https:\\\/\\\/www.carisashop.it\\\/shop\\\/vino\\\/monte-pino-docg-taburno\\\/\",\"name\":\"Monte Pino DOCG Taburno - Carisa Shop\",\"isPartOf\":{\"@id\":\"https:\\\/\\\/www.carisashop.it\\\/#website\"},\"primaryImageOfPage\":{\"@id\":\"https:\\\/\\\/www.carisashop.it\\\/shop\\\/vino\\\/monte-pino-docg-taburno\\\/#primaryimage\"},\"image\":{\"@id\":\"https:\\\/\\\/www.carisashop.it\\\/shop\\\/vino\\\/monte-pino-docg-taburno\\\/#primaryimage\"},\"thumbnailUrl\":\"https:\\\/\\\/www.carisashop.it\\\/wp-content\\\/uploads\\\/2022\\\/03\\\/monte-pino-finale.png\",\"datePublished\":\"2022-03-12T13:56:13+00:00\",\"dateModified\":\"2025-12-22T17:46:38+00:00\",\"breadcrumb\":{\"@id\":\"https:\\\/\\\/www.carisashop.it\\\/shop\\\/vino\\\/monte-pino-docg-taburno\\\/#breadcrumb\"},\"inLanguage\":\"en-GB\",\"potentialAction\":[{\"@type\":\"ReadAction\",\"target\":[\"https:\\\/\\\/www.carisashop.it\\\/shop\\\/vino\\\/monte-pino-docg-taburno\\\/\"]}]},{\"@type\":\"ImageObject\",\"inLanguage\":\"en-GB\",\"@id\":\"https:\\\/\\\/www.carisashop.it\\\/shop\\\/vino\\\/monte-pino-docg-taburno\\\/#primaryimage\",\"url\":\"https:\\\/\\\/www.carisashop.it\\\/wp-content\\\/uploads\\\/2022\\\/03\\\/monte-pino-finale.png\",\"contentUrl\":\"https:\\\/\\\/www.carisashop.it\\\/wp-content\\\/uploads\\\/2022\\\/03\\\/monte-pino-finale.png\",\"width\":1100,\"height\":1100,\"caption\":\"Carisa-shop-Elena-Catalano-rosso-monte-pino\"},{\"@type\":\"BreadcrumbList\",\"@id\":\"https:\\\/\\\/www.carisashop.it\\\/shop\\\/vino\\\/monte-pino-docg-taburno\\\/#breadcrumb\",\"itemListElement\":[{\"@type\":\"ListItem\",\"position\":1,\"name\":\"Home\",\"item\":\"https:\\\/\\\/www.carisashop.it\\\/\"},{\"@type\":\"ListItem\",\"position\":2,\"name\":\"Shop\",\"item\":\"https:\\\/\\\/www.carisashop.it\\\/shop\\\/\"},{\"@type\":\"ListItem\",\"position\":3,\"name\":\"Monte Pino DOCG Taburno\"}]},{\"@type\":\"WebSite\",\"@id\":\"https:\\\/\\\/www.carisashop.it\\\/#website\",\"url\":\"https:\\\/\\\/www.carisashop.it\\\/\",\"name\":\"Carisa Shop\",\"description\":\"Italian Quality Food &amp; Wine\",\"publisher\":{\"@id\":\"https:\\\/\\\/www.carisashop.it\\\/#organization\"},\"potentialAction\":[{\"@type\":\"SearchAction\",\"target\":{\"@type\":\"EntryPoint\",\"urlTemplate\":\"https:\\\/\\\/www.carisashop.it\\\/?s={search_term_string}\"},\"query-input\":{\"@type\":\"PropertyValueSpecification\",\"valueRequired\":true,\"valueName\":\"search_term_string\"}}],\"inLanguage\":\"en-GB\"},{\"@type\":\"Organization\",\"@id\":\"https:\\\/\\\/www.carisashop.it\\\/#organization\",\"name\":\"Carisa shop\",\"url\":\"https:\\\/\\\/www.carisashop.it\\\/\",\"logo\":{\"@type\":\"ImageObject\",\"inLanguage\":\"en-GB\",\"@id\":\"https:\\\/\\\/www.carisashop.it\\\/#\\\/schema\\\/logo\\\/image\\\/\",\"url\":\"https:\\\/\\\/www.carisashop.it\\\/wp-content\\\/uploads\\\/2022\\\/02\\\/logo-carisa.png\",\"contentUrl\":\"https:\\\/\\\/www.carisashop.it\\\/wp-content\\\/uploads\\\/2022\\\/02\\\/logo-carisa.png\",\"width\":738,\"height\":468,\"caption\":\"Carisa shop\"},\"image\":{\"@id\":\"https:\\\/\\\/www.carisashop.it\\\/#\\\/schema\\\/logo\\\/image\\\/\"},\"sameAs\":[\"https:\\\/\\\/www.facebook.com\\\/carisashop.it\",\"https:\\\/\\\/www.instagram.com\\\/carisashop.it\\\/\"]}]}<\/script>\n<!-- \/ Yoast SEO plugin. -->","yoast_head_json":{"title":"Monte Pino DOCG Taburno - Carisa Shop","robots":{"index":"index","follow":"follow","max-snippet":"max-snippet:-1","max-image-preview":"max-image-preview:large","max-video-preview":"max-video-preview:-1"},"canonical":"https:\/\/www.carisashop.it\/en\/shop\/vino\/monte-pino-docg-taburno\/","og_locale":"en_GB","og_type":"article","og_title":"Monte Pino DOCG Taburno - Carisa Shop","og_description":"Caratteristiche del Vigneto  Dal vigneto situato in localit\u00e0 Monte Pino produciamo questo Aglianico del Taburno in purezza. La giacitura collinare, la buona dotazione in elementi nutritivi e la fresca esposizione permettono di raggiungere risultati qualitativi originali e di alto pregio.  Uve Impiegate  Aglianico 100%.  Diradamento e Maturazione  Il vigneto Monte Pino \u00e8 soggetto ad un intenso intervento di diradamento dei grappoli nel corso dell\u2019invaiatura, che si pu\u00f2 generalmente stimare nell\u2019ordine del 50 \u2013 60%.  Tecnica di Vinificazione  Le uve, raccolte nella terza decade del mese di ottobre, subiscono una diraspapigiatura soffice, a cui segue la fermentazione alcolica in serbatoi di acciaio inox a temperatura controllata, variabile tra 25 e 28 C\u00b0, in grado di estrarre i composti nobili della buccia con l\u2019ausilio di periodici rimontaggi. La macerazione sulle bucce ha una durata di 35 \u2013 40 giorni.  Affinamento  L\u2019affinamento avviene, successivamente alla fermentazione malolattica, in botti di rovere francese di grande dimensione, per un periodo di 14 \u2013 16 mesi. Trascorso questo periodo, il vino viene preparato per la bottiglia, in cui riposa ed affina per altri 12 mesi.  Longevit\u00e0  l\u2019Aglianico Monte Pino \u00e8 un vino dalle lunghe capacit\u00e0 di invecchiamento. La sua principale caratteristica \u00e8 quella di esprimere in modo mutevole e variabile nel corso dell\u2019affinamento in bottiglia bouquet aromatici complessi e di straordinaria eleganza.  Caratteristiche Organolettiche  Colore rosso rubino, che dopo alcuni anni di affinamento in bottiglia tender\u00e0 ad assumere riflessi granato. Gli aromi tipicamente speziati, di natura orientale, come sentori di chiodo di garofano e pepe si uniscono al bouquet aromatico che si forma con l\u2019evoluzione riduttiva che avviene in bottiglia. Strutturato e persistente, dal tannino vivace e morbido.","og_url":"https:\/\/www.carisashop.it\/en\/shop\/vino\/monte-pino-docg-taburno\/","og_site_name":"Carisa Shop","article_publisher":"https:\/\/www.facebook.com\/carisashop.it","article_modified_time":"2025-12-22T17:46:38+00:00","og_image":[{"width":1100,"height":1100,"url":"https:\/\/www.carisashop.it\/wp-content\/uploads\/2022\/03\/monte-pino-finale.png","type":"image\/png"}],"twitter_card":"summary_large_image","schema":{"@context":"https:\/\/schema.org","@graph":[{"@type":"WebPage","@id":"https:\/\/www.carisashop.it\/shop\/vino\/monte-pino-docg-taburno\/","url":"https:\/\/www.carisashop.it\/shop\/vino\/monte-pino-docg-taburno\/","name":"Monte Pino DOCG Taburno - Carisa Shop","isPartOf":{"@id":"https:\/\/www.carisashop.it\/#website"},"primaryImageOfPage":{"@id":"https:\/\/www.carisashop.it\/shop\/vino\/monte-pino-docg-taburno\/#primaryimage"},"image":{"@id":"https:\/\/www.carisashop.it\/shop\/vino\/monte-pino-docg-taburno\/#primaryimage"},"thumbnailUrl":"https:\/\/www.carisashop.it\/wp-content\/uploads\/2022\/03\/monte-pino-finale.png","datePublished":"2022-03-12T13:56:13+00:00","dateModified":"2025-12-22T17:46:38+00:00","breadcrumb":{"@id":"https:\/\/www.carisashop.it\/shop\/vino\/monte-pino-docg-taburno\/#breadcrumb"},"inLanguage":"en-GB","potentialAction":[{"@type":"ReadAction","target":["https:\/\/www.carisashop.it\/shop\/vino\/monte-pino-docg-taburno\/"]}]},{"@type":"ImageObject","inLanguage":"en-GB","@id":"https:\/\/www.carisashop.it\/shop\/vino\/monte-pino-docg-taburno\/#primaryimage","url":"https:\/\/www.carisashop.it\/wp-content\/uploads\/2022\/03\/monte-pino-finale.png","contentUrl":"https:\/\/www.carisashop.it\/wp-content\/uploads\/2022\/03\/monte-pino-finale.png","width":1100,"height":1100,"caption":"Carisa-shop-Elena-Catalano-rosso-monte-pino"},{"@type":"BreadcrumbList","@id":"https:\/\/www.carisashop.it\/shop\/vino\/monte-pino-docg-taburno\/#breadcrumb","itemListElement":[{"@type":"ListItem","position":1,"name":"Home","item":"https:\/\/www.carisashop.it\/"},{"@type":"ListItem","position":2,"name":"Shop","item":"https:\/\/www.carisashop.it\/shop\/"},{"@type":"ListItem","position":3,"name":"Monte Pino DOCG Taburno"}]},{"@type":"WebSite","@id":"https:\/\/www.carisashop.it\/#website","url":"https:\/\/www.carisashop.it\/","name":"Carisa Shop","description":"Italian Quality Food &amp; Wine","publisher":{"@id":"https:\/\/www.carisashop.it\/#organization"},"potentialAction":[{"@type":"SearchAction","target":{"@type":"EntryPoint","urlTemplate":"https:\/\/www.carisashop.it\/?s={search_term_string}"},"query-input":{"@type":"PropertyValueSpecification","valueRequired":true,"valueName":"search_term_string"}}],"inLanguage":"en-GB"},{"@type":"Organization","@id":"https:\/\/www.carisashop.it\/#organization","name":"Carisa shop","url":"https:\/\/www.carisashop.it\/","logo":{"@type":"ImageObject","inLanguage":"en-GB","@id":"https:\/\/www.carisashop.it\/#\/schema\/logo\/image\/","url":"https:\/\/www.carisashop.it\/wp-content\/uploads\/2022\/02\/logo-carisa.png","contentUrl":"https:\/\/www.carisashop.it\/wp-content\/uploads\/2022\/02\/logo-carisa.png","width":738,"height":468,"caption":"Carisa shop"},"image":{"@id":"https:\/\/www.carisashop.it\/#\/schema\/logo\/image\/"},"sameAs":["https:\/\/www.facebook.com\/carisashop.it","https:\/\/www.instagram.com\/carisashop.it\/"]}]}},"_links":{"self":[{"href":"https:\/\/www.carisashop.it\/en\/wp-json\/wp\/v2\/product\/3833","targetHints":{"allow":["GET"]}}],"collection":[{"href":"https:\/\/www.carisashop.it\/en\/wp-json\/wp\/v2\/product"}],"about":[{"href":"https:\/\/www.carisashop.it\/en\/wp-json\/wp\/v2\/types\/product"}],"wp:featuredmedia":[{"embeddable":true,"href":"https:\/\/www.carisashop.it\/en\/wp-json\/wp\/v2\/media\/3819"}],"wp:attachment":[{"href":"https:\/\/www.carisashop.it\/en\/wp-json\/wp\/v2\/media?parent=3833"}],"wp:term":[{"taxonomy":"product_brand","embeddable":true,"href":"https:\/\/www.carisashop.it\/en\/wp-json\/wp\/v2\/product_brand?post=3833"},{"taxonomy":"product_cat","embeddable":true,"href":"https:\/\/www.carisashop.it\/en\/wp-json\/wp\/v2\/product_cat?post=3833"},{"taxonomy":"product_tag","embeddable":true,"href":"https:\/\/www.carisashop.it\/en\/wp-json\/wp\/v2\/product_tag?post=3833"}],"curies":[{"name":"wp","href":"https:\/\/api.w.org\/{rel}","templated":true}]}}